{"id":4482,"date":"2014-05-04T00:47:42","date_gmt":"2014-05-03T22:47:42","guid":{"rendered":"http:\/\/www.renorugby.it\/?page_id=4482"},"modified":"2018-09-03T16:38:58","modified_gmt":"2018-09-03T14:38:58","slug":"mission","status":"publish","type":"page","link":"https:\/\/www.renorugby.it\/?page_id=4482","title":{"rendered":"Mission"},"content":{"rendered":"<h3>La Nostra Mission<\/h3>\n<p style=\"text-align: justify; margin-bottom: 30px;\">La Reno Rugby Bologna, con le sue strutture, i suoi impianti e i suoi allenatori, diffonde la cultura del gioco del rugby e i valori che esso rappresenta: lealt\u00e0, rispetto per l\u2019altro, amicizia, tenacia, educazione, perseveranza e spirito di squadra.<br \/>\nRadicata da oltre 50 anni a Bologna, la Reno \u00e8 il primo punto di riferimento cittadino per chi voglia avvicinarsi al rugby, in particolare per i giovani in et\u00e0 scolastica, senza distinzioni di sesso. Cinque squadre giovanili e la prima selezione si confrontano nei rispettivi campionati, con l\u2019obiettivo di eccellere e primeggiare.<\/p>\n<h3>Visione<\/h3>\n<p style=\"text-align: justify; margin-bottom: 30px;\">La Reno Rugby intende affermarsi come societ\u00e0 e come squadra, per disputare i pi\u00f9 importanti campionati nazionali di rugby. Per farlo, vuole consolidare e incrementare l\u2019attuale leadership cittadina, radicandosi in tutto il territorio e rafforzando la propria struttura: pi\u00f9 tesserati, pi\u00f9 tifosi, pi\u00f9 vittorie conseguite. \u00c8 importante instaurare un rapporto continuativo con l\u2019Ufficio scolastico regionale, estendendo la collaborazione della Reno al maggior numero possibile degli istituti bolognesi. La Reno, inoltre, vuole rendere pi\u00f9 stretti i propri rapporti con la Federazione italiana Rugby, incrementando poi il numero delle forze economiche a sostegno, sponsor e partnership. L\u2019obiettivo \u00e8 crescere come societ\u00e0, diventando un modello esemplare di gestione sportiva ed economica, e come squadra, ottenendo sul campo risultati sempre migliori.<\/p>\n<h3>Disciplina<\/h3>\n<p style=\"text-align: justify; margin-bottom: 30px;\">Per conseguire questi obiettivi, la Reno Rugby intende dotarsi di una struttura organizzativa efficace. Il presidente si occuper\u00e0 dei rapporti con le istituzioni e con gli sponsor, oltre ad occupare ad interim il ruolo di tesoriere. La segreteria di presidenza sar\u00e0 il raccordo tra lo staff dirigenziale e il presidente, oltre ad essere, ad interim, il responsabile sanitario. Ruoli imprescindibili sono quelli del legale, responsabile anche dei rapporti con l\u2019assicurazione, e del team manager, che gestisce tutto il settore sportivo. Il consiglio, riunione dei soci consiglieri, si riunisce una volta ogni due mesi, ratifica le scelte del presidente e coordina le attivit\u00e0 di affiliazione e fidelizzazione della Reno. La Reno avr\u00e0 il suo ufficio e la sua sede direzionale nel campo sportivo \u201cBarca\u201d, dove si allenano e giocano le squadre. La Club House, invece, deve diventare luogo destinato all\u2019affiliazione e alla comunicazione da parte della societ\u00e0 delle proprie iniziative. In accordo con il Quartiere, gli spazi della Club House possono essere destinati anche alle attivit\u00e0 ricreative delle scuole o delle parrocchie. Infine, \u00e8 da prevedere la diffusione della Reno Rugby anche negli altri quartieri della citt\u00e0, individuando campi e strutture che possano ospitare gli allenamenti della Reno.<\/p>\n","protected":false},"excerpt":{"rendered":"<p>La Nostra Mission La Reno Rugby Bologna, con le sue strutture, i suoi impianti e i suoi allenatori, diffonde la cultura del gioco del rugby e i valori che esso rappresenta: lealt\u00e0, rispetto per l\u2019altro, amicizia, tenacia, educazione, perseveranza e spirito di squadra. Radicata da oltre 50 anni a Bologna, la Reno \u00e8 il primo<\/p>\n<p class=\"readmore\"><a class=\"btn-readmore\" href=\"https:\/\/www.renorugby.it\/?page_id=4482\">Continua a leggere &rarr;<\/a><\/p>\n","protected":false},"author":1,"featured_media":0,"parent":0,"menu_order":0,"comment_status":"open","ping_status":"closed","template":"","meta":{"footnotes":""},"class_list":["post-4482","page","type-page","status-publish","hentry"],"_links":{"self":[{"href":"https:\/\/www.renorugby.it\/index.php?rest_route=\/wp\/v2\/pages\/4482","targetHints":{"allow":["GET"]}}],"collection":[{"href":"https:\/\/www.renorugby.it\/index.php?rest_route=\/wp\/v2\/pages"}],"about":[{"href":"https:\/\/www.renorugby.it\/index.php?rest_route=\/wp\/v2\/types\/page"}],"author":[{"embeddable":true,"href":"https:\/\/www.renorugby.it\/index.php?rest_route=\/wp\/v2\/users\/1"}],"replies":[{"embeddable":true,"href":"https:\/\/www.renorugby.it\/index.php?rest_route=%2Fwp%2Fv2%2Fcomments&post=4482"}],"version-history":[{"count":12,"href":"https:\/\/www.renorugby.it\/index.php?rest_route=\/wp\/v2\/pages\/4482\/revisions"}],"predecessor-version":[{"id":17899,"href":"https:\/\/www.renorugby.it\/index.php?rest_route=\/wp\/v2\/pages\/4482\/revisions\/17899"}],"wp:attachment":[{"href":"https:\/\/www.renorugby.it\/index.php?rest_route=%2Fwp%2Fv2%2Fmedia&parent=4482"}],"curies":[{"name":"wp","href":"https:\/\/api.w.org\/{rel}","templated":true}]}}