{"id":125,"date":"2012-09-04T13:08:29","date_gmt":"2012-09-04T12:08:29","guid":{"rendered":"http:\/\/www.renorugby.it\/?page_id=125"},"modified":"2020-09-22T09:16:45","modified_gmt":"2020-09-22T07:16:45","slug":"prima-squadra","status":"publish","type":"page","link":"https:\/\/www.renorugby.it\/?page_id=125","title":{"rendered":"Prima Squadra"},"content":{"rendered":"<p>&nbsp;<\/p>\n<p>&nbsp;<\/p>\n<div style=\"text-align: center;\">\n<h3>Reno Rugby Bologna: la Prima Squadra<\/h3>\n<\/div>\n<hr \/>\n<p>&nbsp;<\/p>\n<hr \/>\n<h3 style=\"text-align: left;\">Allenamenti<\/h3>\n<p style=\"text-align: left;\"><strong>Sede:<\/strong>\u00a0Campo Barca &#8211; via Raffaello Sanzio 6<\/p>\n<p style=\"text-align: left;\"><strong>Giornate\u00a0e orari:<\/strong> Luned\u00ec Marted\u00ec e Gioved\u00ec: 20:00 &#8211; 21:30<\/p>\n<p style=\"margin-bottom: 0cm; text-align: left;\"><strong>Allenatori: <\/strong>Gianluca Ogier<\/p>\n<p>&nbsp;<\/p>\n<p>&nbsp;<\/p>\n<hr \/>\n<h3>Come Raggiungerci<\/h3>\n<p><iframe loading=\"lazy\" style=\"margin-top: 25px;\" src=\"https:\/\/mapsengine.google.com\/map\/embed?mid=zSSIITCzJv68.kIRC6OhdZS2E\" width=\"100%\" height=\"480\"><\/iframe><\/p>\n","protected":false},"excerpt":{"rendered":"<p>&nbsp; &nbsp; Reno Rugby Bologna: la Prima Squadra &nbsp; Allenamenti Sede:\u00a0Campo Barca &#8211; via Raffaello Sanzio 6 Giornate\u00a0e orari: Luned\u00ec Marted\u00ec e Gioved\u00ec: 20:00 &#8211; 21:30 Allenatori: Gianluca Ogier &nbsp; &nbsp; Come Raggiungerci<\/p>\n","protected":false},"author":1,"featured_media":0,"parent":0,"menu_order":0,"comment_status":"closed","ping_status":"closed","template":"","meta":{"footnotes":""},"class_list":["post-125","page","type-page","status-publish","hentry"],"_links":{"self":[{"href":"https:\/\/www.renorugby.it\/index.php?rest_route=\/wp\/v2\/pages\/125","targetHints":{"allow":["GET"]}}],"collection":[{"href":"https:\/\/www.renorugby.it\/index.php?rest_route=\/wp\/v2\/pages"}],"about":[{"href":"https:\/\/www.renorugby.it\/index.php?rest_route=\/wp\/v2\/types\/page"}],"author":[{"embeddable":true,"href":"https:\/\/www.renorugby.it\/index.php?rest_route=\/wp\/v2\/users\/1"}],"replies":[{"embeddable":true,"href":"https:\/\/www.renorugby.it\/index.php?rest_route=%2Fwp%2Fv2%2Fcomments&post=125"}],"version-history":[{"count":210,"href":"https:\/\/www.renorugby.it\/index.php?rest_route=\/wp\/v2\/pages\/125\/revisions"}],"predecessor-version":[{"id":23131,"href":"https:\/\/www.renorugby.it\/index.php?rest_route=\/wp\/v2\/pages\/125\/revisions\/23131"}],"wp:attachment":[{"href":"https:\/\/www.renorugby.it\/index.php?rest_route=%2Fwp%2Fv2%2Fmedia&parent=125"}],"curies":[{"name":"wp","href":"https:\/\/api.w.org\/{rel}","templated":true}]}}