{"id":123,"date":"2012-09-04T13:08:13","date_gmt":"2012-09-04T11:08:13","guid":{"rendered":"http:\/\/www.renorugby.it\/?page_id=123"},"modified":"2020-09-22T09:23:08","modified_gmt":"2020-09-22T07:23:08","slug":"under-18","status":"publish","type":"page","link":"https:\/\/www.renorugby.it\/?page_id=123","title":{"rendered":"Under 18"},"content":{"rendered":"<div style=\"text-align: center;\">\n<p>&nbsp;<\/p>\n<h3>Reno Rugby Bologna: l&#8217;Under 18<\/h3>\n<\/div>\n<hr \/>\n<p>&nbsp;<\/p>\n<hr \/>\n<h3>Allenamenti<\/h3>\n<p><strong>Sede:<\/strong>\u00a0Campo Barca &#8211; via Raffaello Sanzio 6<\/p>\n<p><strong>Giornate\u00a0e orari:<\/strong> Marted\u00ec, Gioved\u00ece Venerd\u00ec: 19:00 &#8211; 20:30<\/p>\n<p style=\"margin-bottom: 0cm;\"><strong>Allenatori:\u00a0<\/strong>Gianluca Ogier, Nicola Musoni, Raffaello Bolognesi, Nicola Fiorentino<\/p>\n<p style=\"margin-bottom: 0cm;\" align=\"left\"><strong>Responsabile di categoria<\/strong>: Michele Rubbini (michele.rubbini@gmail.com)<\/p>\n<hr \/>\n<h3>Come Raggiungerci<\/h3>\n<p><iframe loading=\"lazy\" style=\"margin-top: 25px;\" src=\"https:\/\/mapsengine.google.com\/map\/embed?mid=zSSIITCzJv68.kIRC6OhdZS2E\" width=\"100%\" height=\"480\"><\/iframe><\/p>\n","protected":false},"excerpt":{"rendered":"<p>&nbsp; Reno Rugby Bologna: l&#8217;Under 18 &nbsp; Allenamenti Sede:\u00a0Campo Barca &#8211; via Raffaello Sanzio 6 Giornate\u00a0e orari: Marted\u00ec, Gioved\u00ece Venerd\u00ec: 19:00 &#8211; 20:30 Allenatori:\u00a0Gianluca Ogier, Nicola Musoni, Raffaello Bolognesi, Nicola Fiorentino Responsabile di categoria: Michele Rubbini (michele.rubbini@gmail.com) Come Raggiungerci<\/p>\n","protected":false},"author":1,"featured_media":0,"parent":0,"menu_order":0,"comment_status":"closed","ping_status":"closed","template":"","meta":{"footnotes":""},"class_list":["post-123","page","type-page","status-publish","hentry"],"_links":{"self":[{"href":"https:\/\/www.renorugby.it\/index.php?rest_route=\/wp\/v2\/pages\/123","targetHints":{"allow":["GET"]}}],"collection":[{"href":"https:\/\/www.renorugby.it\/index.php?rest_route=\/wp\/v2\/pages"}],"about":[{"href":"https:\/\/www.renorugby.it\/index.php?rest_route=\/wp\/v2\/types\/page"}],"author":[{"embeddable":true,"href":"https:\/\/www.renorugby.it\/index.php?rest_route=\/wp\/v2\/users\/1"}],"replies":[{"embeddable":true,"href":"https:\/\/www.renorugby.it\/index.php?rest_route=%2Fwp%2Fv2%2Fcomments&post=123"}],"version-history":[{"count":78,"href":"https:\/\/www.renorugby.it\/index.php?rest_route=\/wp\/v2\/pages\/123\/revisions"}],"predecessor-version":[{"id":23132,"href":"https:\/\/www.renorugby.it\/index.php?rest_route=\/wp\/v2\/pages\/123\/revisions\/23132"}],"wp:attachment":[{"href":"https:\/\/www.renorugby.it\/index.php?rest_route=%2Fwp%2Fv2%2Fmedia&parent=123"}],"curies":[{"name":"wp","href":"https:\/\/api.w.org\/{rel}","templated":true}]}}