{"id":121,"date":"2012-09-04T13:07:53","date_gmt":"2012-09-04T11:07:53","guid":{"rendered":"http:\/\/www.renorugby.it\/?page_id=121"},"modified":"2020-09-22T09:24:40","modified_gmt":"2020-09-22T07:24:40","slug":"under-16","status":"publish","type":"page","link":"https:\/\/www.renorugby.it\/?page_id=121","title":{"rendered":"Under 16"},"content":{"rendered":"<div style=\"text-align: center;\">\n<div style=\"text-align: center;\">\n<h3>\nReno Rugby Bologna: l&#8217;Under 16<\/h3>\n<\/div>\n<hr \/>\n<p>&nbsp;<\/p>\n<hr \/>\n<h3 style=\"text-align: left;\">Allenamenti<\/h3>\n<p style=\"text-align: left;\"><strong>Sede:<\/strong>\u00a0Campo Barca &#8211; via Raffaello Sanzio 6<\/p>\n<p style=\"text-align: left;\"><strong>Giornate\u00a0e orari:<\/strong> Marted\u00ec, Mercoled\u00ec e Venerd\u00ec: 18:00 &#8211; 19:30<\/p>\n<p style=\"margin-bottom: 0cm; text-align: left;\"><strong>Allenatori: <\/strong>Alfredo Sorrini, Marco Ragazzi, Fabio Fava<br \/>\n<strong><br \/>\nResponsabile di categoria<\/strong>: Fabio Patricolo (fabiopatricolo@gmail.com)<\/p>\n<hr \/>\n<h3><\/h3>\n<\/div>\n<h3>Come Raggiungerci<\/h3>\n<p><iframe loading=\"lazy\" style=\"margin-top: 25px;\" src=\"https:\/\/mapsengine.google.com\/map\/embed?mid=zSSIITCzJv68.kIRC6OhdZS2E\" width=\"100%\" height=\"480\"><\/iframe><\/p>\n","protected":false},"excerpt":{"rendered":"<p>Reno Rugby Bologna: l&#8217;Under 16 &nbsp; Allenamenti Sede:\u00a0Campo Barca &#8211; via Raffaello Sanzio 6 Giornate\u00a0e orari: Marted\u00ec, Mercoled\u00ec e Venerd\u00ec: 18:00 &#8211; 19:30 Allenatori: Alfredo Sorrini, Marco Ragazzi, Fabio Fava Responsabile di categoria: Fabio Patricolo (fabiopatricolo@gmail.com) Come Raggiungerci<\/p>\n","protected":false},"author":1,"featured_media":0,"parent":0,"menu_order":0,"comment_status":"closed","ping_status":"closed","template":"","meta":{"footnotes":""},"class_list":["post-121","page","type-page","status-publish","hentry"],"_links":{"self":[{"href":"https:\/\/www.renorugby.it\/index.php?rest_route=\/wp\/v2\/pages\/121","targetHints":{"allow":["GET"]}}],"collection":[{"href":"https:\/\/www.renorugby.it\/index.php?rest_route=\/wp\/v2\/pages"}],"about":[{"href":"https:\/\/www.renorugby.it\/index.php?rest_route=\/wp\/v2\/types\/page"}],"author":[{"embeddable":true,"href":"https:\/\/www.renorugby.it\/index.php?rest_route=\/wp\/v2\/users\/1"}],"replies":[{"embeddable":true,"href":"https:\/\/www.renorugby.it\/index.php?rest_route=%2Fwp%2Fv2%2Fcomments&post=121"}],"version-history":[{"count":110,"href":"https:\/\/www.renorugby.it\/index.php?rest_route=\/wp\/v2\/pages\/121\/revisions"}],"predecessor-version":[{"id":23133,"href":"https:\/\/www.renorugby.it\/index.php?rest_route=\/wp\/v2\/pages\/121\/revisions\/23133"}],"wp:attachment":[{"href":"https:\/\/www.renorugby.it\/index.php?rest_route=%2Fwp%2Fv2%2Fmedia&parent=121"}],"curies":[{"name":"wp","href":"https:\/\/api.w.org\/{rel}","templated":true}]}}